{"id":269,"date":"2026-01-21T15:04:55","date_gmt":"2026-01-21T15:04:55","guid":{"rendered":"https:\/\/youseeme.plus\/?page_id=269"},"modified":"2026-03-04T11:39:43","modified_gmt":"2026-03-04T11:39:43","slug":"blog","status":"publish","type":"page","link":"https:\/\/youseeme.plus\/es\/blog\/","title":{"rendered":"Blog"},"content":{"rendered":"<p><img decoding=\"async\" src=\"\/wp-content\/uploads\/line-20.svg\" alt=\"\"><\/p>\n<h1>YOUSEEME Blog<\/h1>\n<h2>Thinking beyond trends. Designing for impact.<\/h2>\n<div>\n<\/div>\n<h1>Interested in knowing more?<\/h1>\n<p><p>\n        <a href=\"\/contact\">Book a Call<\/a>\n    <\/p>\n<\/p>\n<p><img decoding=\"async\" src=\"\/wp-content\/uploads\/line-19.svg\" alt=\"\"><\/p>\n<p><!--more--><br \/>\n<!-- {\"type\":\"layout\",\"children\":[{\"type\":\"section\",\"props\":{\"image_position\":\"center-center\",\"overlap\":false,\"padding_bottom\":\"large\",\"padding_top\":\"large\",\"style\":\"primary\",\"title_breakpoint\":\"xl\",\"title_position\":\"top-left\",\"title_rotation\":\"left\",\"vertical_align\":\"middle\",\"width\":\"xlarge\"},\"children\":[{\"type\":\"row\",\"children\":[{\"type\":\"column\",\"props\":{\"css\":\".el-column > * { position: static; }\",\"image_position\":\"center-center\",\"position_sticky_breakpoint\":\"m\",\"width_medium\":\"3-4\"},\"children\":[{\"type\":\"image\",\"props\":{\"css\":\".el-image { max-width: 40vw; }\",\"image\":\"wp-content\/uploads\/line-20.svg\",\"image_height\":\"465\",\"image_loading\":true,\"image_svg_animate\":true,\"image_svg_color\":\"emphasis\",\"image_svg_inline\":true,\"image_width\":\"340\",\"margin_bottom\":\"default\",\"margin_top\":\"default\",\"position\":\"absolute\",\"position_right\":\"0\",\"position_top\":\"0\",\"text_align\":\"right\",\"visibility\":\"s\"}},{\"type\":\"headline\",\"props\":{\"content\":\"YOUSEEME Blog\",\"image_align\":\"left\",\"image_margin\":\"xsmall\",\"margin_bottom\":\"xsmall\",\"title_color\":\"primary\",\"title_element\":\"h1\",\"title_style\":\"heading-small\"}},{\"type\":\"headline\",\"props\":{\"content\":\"Thinking beyond trends. Designing for impact.\",\"image_align\":\"left\",\"image_margin\":\"xsmall\",\"margin_bottom\":\"xsmall\",\"title_color\":\"primary\",\"title_element\":\"h2\",\"title_style\":\"h3\"}}]},{\"type\":\"column\",\"props\":{\"image_position\":\"center-center\",\"position_sticky_breakpoint\":\"m\",\"width_medium\":\"1-4\"}}],\"props\":{\"layout\":\"3-4,1-4\",\"margin_bottom\":\"remove\",\"margin_top\":\"remove\"}}]},{\"type\":\"section\",\"props\":{\"css\":\".el-section {\\n\\tposition: relative;\\n\\tbox-shadow: 0 0 35px rgba(0,0,0,0.04);\\n}\",\"image_position\":\"center-center\",\"style\":\"default\",\"title_breakpoint\":\"xl\",\"title_position\":\"top-left\",\"title_rotation\":\"left\",\"vertical_align\":\"middle\",\"width\":\"xlarge\"},\"children\":[{\"type\":\"row\",\"children\":[{\"type\":\"column\",\"props\":{\"image_position\":\"center-center\",\"position_sticky_breakpoint\":\"m\"},\"children\":[{\"type\":\"grid\",\"props\":{\"content_column_breakpoint\":\"m\",\"filter_align\":\"left\",\"filter_all\":true,\"filter_grid_breakpoint\":\"m\",\"filter_grid_width\":\"auto\",\"filter_position\":\"top\",\"filter_style\":\"tab\",\"grid_default\":\"1\",\"grid_medium\":\"3\",\"image_align\":\"top\",\"image_grid_breakpoint\":\"m\",\"image_grid_width\":\"1-2\",\"image_svg_color\":\"emphasis\",\"item_animation\":true,\"lightbox_bg_close\":true,\"link_style\":\"primary\",\"link_text\":\"Read more\",\"margin_bottom\":\"default\",\"margin_top\":\"default\",\"meta_align\":\"below-title\",\"meta_element\":\"div\",\"meta_style\":\"text-meta\",\"panel_image_no_padding\":true,\"panel_link\":true,\"panel_padding\":\"small\",\"panel_style\":\"card-default\",\"show_content\":true,\"show_hover_image\":true,\"show_hover_video\":true,\"show_image\":true,\"show_link\":true,\"show_meta\":true,\"show_title\":true,\"show_video\":true,\"title_align\":\"top\",\"title_color\":\"primary\",\"title_element\":\"h3\",\"title_grid_breakpoint\":\"m\",\"title_grid_width\":\"1-2\",\"title_hover_style\":\"reset\",\"title_style\":\"h3\"},\"children\":[{\"type\":\"grid_item\",\"source\":{\"query\":{\"name\":\"posts.customPosts\",\"arguments\":{\"terms\":[],\"category_operator\":\"IN\",\"post_tag_operator\":\"IN\",\"users\":[],\"users_operator\":\"IN\",\"date_range\":\"relative\",\"date_relative\":\"next\",\"date_relative_unit\":\"day\",\"date_relative_unit_this\":\"day\",\"offset\":0,\"limit\":100,\"order\":\"date\",\"order_direction\":\"DESC\"}},\"props\":{\"title\":{\"name\":\"title\"},\"content\":{\"arguments\":{\"show_intro_text\":true},\"name\":\"content\",\"filters\":{\"limit\":300}},\"image\":{\"name\":\"featuredImage.url\"},\"link\":{\"name\":\"link\"}}}}]}]}]}]},{\"type\":\"section\",\"props\":{\"image_position\":\"center-center\",\"style\":\"default\",\"title_breakpoint\":\"xl\",\"title_position\":\"top-left\",\"title_rotation\":\"left\",\"vertical_align\":\"middle\",\"width\":\"default\"},\"children\":[{\"type\":\"row\",\"children\":[{\"type\":\"column\",\"props\":{\"image_position\":\"center-center\",\"position_sticky_breakpoint\":\"m\"}}]}]},{\"type\":\"section\",\"props\":{\"image_position\":\"center-center\",\"style\":\"default\",\"title_breakpoint\":\"xl\",\"title_position\":\"top-left\",\"title_rotation\":\"left\",\"vertical_align\":\"middle\",\"width\":\"default\"},\"children\":[{\"type\":\"row\",\"children\":[{\"type\":\"column\",\"props\":{\"image_position\":\"center-center\",\"position_sticky_breakpoint\":\"m\"},\"children\":[{\"type\":\"headline\",\"props\":{\"content\":\"Interested in knowing more?\",\"image_align\":\"left\",\"image_margin\":\"xsmall\",\"text_align\":\"center\",\"title_element\":\"h1\",\"title_style\":\"heading-small\"}},{\"type\":\"button\",\"props\":{\"grid_column_gap\":\"small\",\"grid_row_gap\":\"small\",\"margin_bottom\":\"default\",\"margin_top\":\"default\",\"text_align\":\"center\"},\"children\":[{\"type\":\"button_item\",\"props\":{\"button_style\":\"primary\",\"content\":\"Book a Call\",\"dialog_layout\":\"modal\",\"dialog_offcanvas_flip\":true,\"icon_align\":\"left\",\"link\":\"\/contact\"}}],\"name\":\"book a call\"}]}]}]},{\"type\":\"section\",\"props\":{\"class\":\"uk-position-relative\",\"header_transparent\":false,\"header_transparent_noplaceholder\":false,\"header_transparent_text_color\":\"dark\",\"image_position\":\"center-center\",\"padding_bottom\":\"large\",\"padding_top\":\"xlarge\",\"style\":\"\",\"title_breakpoint\":\"xl\",\"title_position\":\"top-left\",\"title_rotation\":\"left\",\"vertical_align\":\"\",\"width\":\"\"},\"children\":[{\"type\":\"row\",\"children\":[{\"type\":\"column\",\"props\":{\"image_position\":\"center-center\",\"position_sticky_breakpoint\":\"m\"},\"children\":[{\"type\":\"image\",\"props\":{\"image\":\"wp-content\/uploads\/line-19.svg\",\"image_height\":\"923\",\"image_loading\":true,\"image_svg_animate\":true,\"image_svg_color\":\"emphasis\",\"image_svg_inline\":true,\"image_width\":\"2560\",\"margin_bottom\":\"default\",\"margin_top\":\"default\",\"position\":\"absolute\",\"position_bottom\":\"-200\",\"position_left\":\"0\",\"position_z_index\":\"0\",\"text_align\":\"left\",\"visibility\":\"l\"}}]}],\"props\":{\"margin_bottom\":\"remove\",\"margin_top\":\"remove\"}}],\"name\":\"Contact\",\"modified\":\"2021-09-28T09:31:56.668Z\"}],\"version\":\"5.0.17\"} --><\/p>\n","protected":false},"excerpt":{"rendered":"<p>YOUSEEME Blog Pensar m\u00e1s all\u00e1 de las tendencias. Dise\u00f1ar para causar impacto. \u00bfLe interesa saber m\u00e1s? Concierte una llamada<\/p>","protected":false},"author":1,"featured_media":0,"parent":0,"menu_order":0,"comment_status":"closed","ping_status":"closed","template":"","meta":{"footnotes":""},"class_list":["post-269","page","type-page","status-publish","hentry"],"_links":{"self":[{"href":"https:\/\/youseeme.plus\/es\/wp-json\/wp\/v2\/pages\/269","targetHints":{"allow":["GET"]}}],"collection":[{"href":"https:\/\/youseeme.plus\/es\/wp-json\/wp\/v2\/pages"}],"about":[{"href":"https:\/\/youseeme.plus\/es\/wp-json\/wp\/v2\/types\/page"}],"author":[{"embeddable":true,"href":"https:\/\/youseeme.plus\/es\/wp-json\/wp\/v2\/users\/1"}],"replies":[{"embeddable":true,"href":"https:\/\/youseeme.plus\/es\/wp-json\/wp\/v2\/comments?post=269"}],"version-history":[{"count":13,"href":"https:\/\/youseeme.plus\/es\/wp-json\/wp\/v2\/pages\/269\/revisions"}],"predecessor-version":[{"id":597,"href":"https:\/\/youseeme.plus\/es\/wp-json\/wp\/v2\/pages\/269\/revisions\/597"}],"wp:attachment":[{"href":"https:\/\/youseeme.plus\/es\/wp-json\/wp\/v2\/media?parent=269"}],"curies":[{"name":"wp","href":"https:\/\/api.w.org\/{rel}","templated":true}]}}